{"id":1223,"date":"2022-10-07T09:40:37","date_gmt":"2022-10-07T07:40:37","guid":{"rendered":"\/?page_id=1223"},"modified":"2026-03-30T15:10:41","modified_gmt":"2026-03-30T13:10:41","slug":"kainorastis","status":"publish","type":"page","link":"https:\/\/actionbyapollo.lt\/klaipeda\/kainorastis\/","title":{"rendered":"Kainora\u0161tis"},"content":{"rendered":"<!DOCTYPE html PUBLIC \"-\/\/W3C\/\/DTD HTML 4.0 Transitional\/\/EN\" \"http:\/\/www.w3.org\/TR\/REC-html40\/loose.dtd\">\n<html><body><p>\n<\/p><div class=\"is-layout-flow wp-block-group alignfull s-intro has-background\" style=\"background-color:#ffe2c2\"><div class=\"wp-block-group__inner-container\">\n<div style=\"height:140px\" aria-hidden=\"true\" class=\"wp-block-spacer spacer-phone-xl-9\"><\/div>\n\n\n\n<h3 class=\"has-text-align-center has-text-color\" style=\"color:#ff8200;text-transform:uppercase\">kainora&scaron;tis<\/h3>\n\n\n\n<div style=\"height:10px\" aria-hidden=\"true\" class=\"wp-block-spacer\"><\/div>\n\n\n<div class=\"wp-block-paragraph-wrapper\" style=\"margin-left:auto;margin-right:auto;max-width:700px;\">\n<p class=\"has-text-align-center has-text-color\" style=\"color:#ff8200\">Metas &#303; savo dienotvark&#281; &#303;traukti daugiau linksmybi&#371;. &#268;ia rasi m&#363;s&#371; pramog&#371; laik&#261; ir kainas (jos gali skirtis priklausomai nuo savait&#279;s dienos ir laiko).<\/p>\n<\/div><\/div><\/div>\n\n\n\n    <div id=\"animation-609c05858353fc4c59a01bc6bdd0c2d0a9eb9fbb\" class=\"svg-animation \">\n                    <style>\n                #animation-609c05858353fc4c59a01bc6bdd0c2d0a9eb9fbb svg path:last-child                {\n                    fill:  #FFE2C2;\n                }\n            <\/style>\n                <svg class=\"not-external\" width=\"2596\" height=\"679\" viewBox=\"0 0 2596 679\" fill=\"none\" xmlns=\"http:\/\/www.w3.org\/2000\/svg\">\n    <path d=\"M2596 365C2596 538.417 2014.87 679 1298 679C581.134 679 0 538.417 0 365C0 191.583 581.134 51 1298 51C2014.87 51 2596 191.583 2596 365Z\" fill=\"#57CBA8\"\/>\n    <path d=\"M2596 347C2596 520.417 2014.87 661 1298 661C581.134 661 0 520.417 0 347C0 173.583 581.134 33 1298 33C2014.87 33 2596 173.583 2596 347Z\" fill=\"#FF4851\"\/>\n    <path d=\"M2596 330C2596 503.417 2014.87 644 1298 644C581.134 644 0 503.417 0 330C0 156.583 581.134 16 1298 16C2014.87 16 2596 156.583 2596 330Z\" fill=\"#FF8200\"\/>\n    <path d=\"M2596 314C2596 487.417 2014.87 628 1298 628C581.134 628 0 487.417 0 314C0 140.583 581.134 0 1298 0C2014.87 0 2596 140.583 2596 314Z\" fill=\"#FFE2C2\"\/>\n<\/svg>\n    <\/div>\n\n    \n\n\n\n    <div class=\"main-details-wrapper\">\n        <div class=\"col-left\">\n            <ul class=\"nav-categories\">\n                                                        <style>\n                        .nav-categories .nav-categories-single[data-id=\"1226\"]:hover, .nav-categories .nav-categories-single[data-id=\"1226\"].is-active {\n                            color: #ae6ee0;\n                            border-color: #ae6ee0;\n                        }\n                    <\/style>\n                    <li class=\"nav-categories-single is-active\" data-id=\"1226\" data-post-name=\"boulingas\">Boulingas<\/li>\n                                                        <style>\n                        .nav-categories .nav-categories-single[data-id=\"2209\"]:hover, .nav-categories .nav-categories-single[data-id=\"2209\"].is-active {\n                            color: #ae6ee0;\n                            border-color: #ae6ee0;\n                        }\n                    <\/style>\n                    <li class=\"nav-categories-single \" data-id=\"2209\" data-post-name=\"biliardas\">Biliardas<\/li>\n                            <\/ul>\n        <\/div>\n        <div class=\"col-right\">\n                        <div id=\"growtype-post-pricelist\"                class=\"growtype-post-container \"\n                data-columns=\"1\"\n            >\n                <style>\n    .growtype-post-single[data-post-id=\"1226\"] .growtype-post-content:before {\n        content: \"\";\n        background: #ae6ee0;\n        opacity: 0.1;\n        height: 100%;\n        position: absolute;\n        top: 0;\n        bottom: 0;\n        left: 0;\n        right: 0;\n    }\n\n    .growtype-post-single[data-post-id=\"1226\"] thead th {\n        color: #ae6ee0;\n    }\n\n    .growtype-post-single[data-post-id=\"1226\"] svg path {\n        fill: #ae6ee0;\n    }\n\n    .growtype-post-single[data-post-id=\"1226\"] .growtype-post-footer .btn-primary {\n        background: #ae6ee0;\n        border-color: #ae6ee0;\n    }\n\n    .growtype-post-single[data-post-id=\"1226\"] .growtype-post-footer .btn-secondary {\n        color: #ae6ee0;\n        border-color: #ae6ee0;\n    }\n\n    .growtype-post-single[data-post-id=\"1226\"] .growtype-post-footer .btn-secondary:hover {\n        background: #ae6ee0;\n        color: white;\n    }\n\n    .growtype-post-single[data-post-id=\"1226\"] .table-footer {\n        color: #ae6ee0;\n        border-color: #ae6ee0;\n    }\n\n    .growtype-post-single[data-post-id=\"1226\"] .table-header {\n        color: #ae6ee0;\n    }\n\n    .growtype-post-single[data-post-id=\"1226\"] .table-nav-single.is-active {\n        background: #ae6ee0;\n        color: white;\n    }\n\n    .growtype-post-single[data-post-id=\"1226\"] .table-nav-single {\n        color: #ae6ee0;\n    }\n\n    .growtype-post-single[data-post-id=\"1226\"] tr {\n        border-color: #ae6ee0;\n    }\n\n    .growtype-post-single[data-post-id=\"1226\"] .wp-block-create-block-growtype-carousel-slide:before {\n        content: \"\";\n        background: #ae6ee0;\n        opacity: 0.1;\n        height: 100%;\n        position: absolute;\n        top: 0;\n        bottom: 0;\n        left: 0;\n        right: 0;\n    }\n\n    .growtype-post-single[data-post-id=\"1226\"] h3 {\n        color: #ae6ee0;\n    }\n\n    .growtype-post-single[data-post-id=\"1226\"] .wp-block-button__link {\n        color: #ae6ee0;\n        border-color: #ae6ee0;\n    }\n\n    .growtype-post-single[data-post-id=\"1226\"] .wp-block-button:not(.badge) .wp-block-button__link:hover {\n        background: #ae6ee0;\n        color: white;\n    }\n\n    .growtype-post-single[data-post-id=\"1226\"] .slick-slider .slick-arrow:before {\n        color: #ae6ee0;\n    }\n<\/style>\n\n<div class=\"growtype-post-single growtype-post-pricelist growtype-post-pricelist\" data-post-id=\"1226\" data-post-name=\"boulingas\">\n    <div class=\"table-wrapper\">\n        <div class=\"growtype-post-single-inner\">\n                            <div class=\"growtype-post-header\" style=\"background: #ae6ee0;\">\n                                            <h4 class=\"title\">Boulingas<\/h4>\n                                        <div class=\"growtype-post-image-wrapper\">\n                        <svg width=\"208\" height=\"182\" viewBox=\"0 0 208 182\" fill=\"none\" xmlns=\"http:\/\/www.w3.org\/2000\/svg\">\n    <path d=\"M0 0H208L105.5 182H0V0Z\" fill=\"#FF8200\"\/>\n    <path d=\"M118.926 181.921C177.689 179.309 208.983 59.552 207.976 0L50 89.5613C54.6957 121.436 60.1628 184.534 118.926 181.921Z\" fill=\"#FF8200\"\/>\n<\/svg>\n                        <div class=\"growtype-post-image\" style=\"background: url('https:\/\/actionbyapollo.lt\/klaipeda\/app\/uploads\/2022\/10\/image-37.jpg');background-size: cover;background-position: center;\"><\/div>\n                    <\/div>\n                <\/div>\n                        <div class=\"growtype-post-content\">\n                <div class=\"b-content\">\n\n                    \n                    \n                    \n                                                                        \n                            <table class=\"table\" style=\"\" data-cat=\"\">\n                                <thead>\n                                <tr>\n                                                                            <th scope=\"col\">SAVAIT\u0116S DIENA<\/th>\n                                                                            <th scope=\"col\">Iki 16 val.<\/th>\n                                                                            <th scope=\"col\">Nuo 16 val.<\/th>\n                                                                            <th scope=\"col\">Darbo laikas<\/th>\n                                                                    <\/tr>\n                                <\/thead>\n                                <tbody>\n                                                                    <tr>\n                                                                                    <th scope=\"row\">Pirmadienis<\/th>\n                                                                                    <th scope=\"row\">17 Eur<\/th>\n                                                                                    <th scope=\"row\">28 Eur<\/th>\n                                                                                    <th scope=\"row\">Nuo 10:00 iki 22:00<\/th>\n                                                                            <\/tr>\n                                                                    <tr>\n                                                                                    <th scope=\"row\">Antradienis<\/th>\n                                                                                    <th scope=\"row\">17 Eur<\/th>\n                                                                                    <th scope=\"row\">28 Eur<\/th>\n                                                                                    <th scope=\"row\">Nuo 10:00 iki 22:00<\/th>\n                                                                            <\/tr>\n                                                                    <tr>\n                                                                                    <th scope=\"row\">Tre\u010diadienis<\/th>\n                                                                                    <th scope=\"row\">17 Eur<\/th>\n                                                                                    <th scope=\"row\">28 Eur<\/th>\n                                                                                    <th scope=\"row\">Nuo 10:00 iki 22:00<\/th>\n                                                                            <\/tr>\n                                                                    <tr>\n                                                                                    <th scope=\"row\">Ketvirtadienis<\/th>\n                                                                                    <th scope=\"row\">17 Eur<\/th>\n                                                                                    <th scope=\"row\">28 Eur<\/th>\n                                                                                    <th scope=\"row\">Nuo 10:00 iki 22:00<\/th>\n                                                                            <\/tr>\n                                                                    <tr>\n                                                                                    <th scope=\"row\">Penktadienis<\/th>\n                                                                                    <th scope=\"row\">22 Eur<\/th>\n                                                                                    <th scope=\"row\">33 Eur<\/th>\n                                                                                    <th scope=\"row\">Nuo 10:00 iki 22:00<\/th>\n                                                                            <\/tr>\n                                                                    <tr>\n                                                                                    <th scope=\"row\">\u0160e\u0161tadienis<\/th>\n                                                                                    <th scope=\"row\">33 Eur<\/th>\n                                                                                    <th scope=\"row\">33 Eur<\/th>\n                                                                                    <th scope=\"row\">Nuo 10:00 iki 22:00<\/th>\n                                                                            <\/tr>\n                                                                    <tr>\n                                                                                    <th scope=\"row\">Sekmadienis<\/th>\n                                                                                    <th scope=\"row\">33 Eur<\/th>\n                                                                                    <th scope=\"row\">33 Eur<\/th>\n                                                                                    <th scope=\"row\">Nuo 10:00 iki 22:00<\/th>\n                                                                            <\/tr>\n                                                                <\/tbody>\n                            <\/table>\n                                            \n                                            <div class=\"table-footer\">\n                            Boulingo bateli\u0173 nuoma (vienam \u017eaid\u0117jui) - 1 Eur. \u017daidimo trukm\u0117 55 min\n                        <\/div>\n                    \n                <\/div>\n            <\/div>\n        <\/div>\n\n        <div class=\"growtype-post-footer\">\n            <div class=\"d-grid gap-2 d-flex pt-3\">\n                            <a href=\"https:\/\/booking.actionbyapollo.lt\/klaipeda\/\" target=\"_blank\" class=\"btn btn-primary\">\n                PIRKTI DABAR            <\/a>\n                        <a href=\"https:\/\/actionbyapollo.lt\/klaipeda\/activity\/boulingas\/\" class=\"btn btn-secondary\">\n                PLA\u010cIAU            <\/a>\n                        <\/div>\n        <\/div>\n    <\/div>\n\n    \n    <\/div>\n<style>\n    .growtype-post-single[data-post-id=\"2209\"] .growtype-post-content:before {\n        content: \"\";\n        background: #ae6ee0;\n        opacity: 0.1;\n        height: 100%;\n        position: absolute;\n        top: 0;\n        bottom: 0;\n        left: 0;\n        right: 0;\n    }\n\n    .growtype-post-single[data-post-id=\"2209\"] thead th {\n        color: #ae6ee0;\n    }\n\n    .growtype-post-single[data-post-id=\"2209\"] svg path {\n        fill: #ae6ee0;\n    }\n\n    .growtype-post-single[data-post-id=\"2209\"] .growtype-post-footer .btn-primary {\n        background: #ae6ee0;\n        border-color: #ae6ee0;\n    }\n\n    .growtype-post-single[data-post-id=\"2209\"] .growtype-post-footer .btn-secondary {\n        color: #ae6ee0;\n        border-color: #ae6ee0;\n    }\n\n    .growtype-post-single[data-post-id=\"2209\"] .growtype-post-footer .btn-secondary:hover {\n        background: #ae6ee0;\n        color: white;\n    }\n\n    .growtype-post-single[data-post-id=\"2209\"] .table-footer {\n        color: #ae6ee0;\n        border-color: #ae6ee0;\n    }\n\n    .growtype-post-single[data-post-id=\"2209\"] .table-header {\n        color: #ae6ee0;\n    }\n\n    .growtype-post-single[data-post-id=\"2209\"] .table-nav-single.is-active {\n        background: #ae6ee0;\n        color: white;\n    }\n\n    .growtype-post-single[data-post-id=\"2209\"] .table-nav-single {\n        color: #ae6ee0;\n    }\n\n    .growtype-post-single[data-post-id=\"2209\"] tr {\n        border-color: #ae6ee0;\n    }\n\n    .growtype-post-single[data-post-id=\"2209\"] .wp-block-create-block-growtype-carousel-slide:before {\n        content: \"\";\n        background: #ae6ee0;\n        opacity: 0.1;\n        height: 100%;\n        position: absolute;\n        top: 0;\n        bottom: 0;\n        left: 0;\n        right: 0;\n    }\n\n    .growtype-post-single[data-post-id=\"2209\"] h3 {\n        color: #ae6ee0;\n    }\n\n    .growtype-post-single[data-post-id=\"2209\"] .wp-block-button__link {\n        color: #ae6ee0;\n        border-color: #ae6ee0;\n    }\n\n    .growtype-post-single[data-post-id=\"2209\"] .wp-block-button:not(.badge) .wp-block-button__link:hover {\n        background: #ae6ee0;\n        color: white;\n    }\n\n    .growtype-post-single[data-post-id=\"2209\"] .slick-slider .slick-arrow:before {\n        color: #ae6ee0;\n    }\n<\/style>\n\n<div class=\"growtype-post-single growtype-post-pricelist growtype-post-pricelist\" data-post-id=\"2209\" data-post-name=\"biliardas\">\n    <div class=\"table-wrapper\">\n        <div class=\"growtype-post-single-inner\">\n                            <div class=\"growtype-post-header\" style=\"background: #ae6ee0;\">\n                                            <h4 class=\"title\">Biliardas<\/h4>\n                                        <div class=\"growtype-post-image-wrapper\">\n                        <svg width=\"208\" height=\"182\" viewBox=\"0 0 208 182\" fill=\"none\" xmlns=\"http:\/\/www.w3.org\/2000\/svg\">\n    <path d=\"M0 0H208L105.5 182H0V0Z\" fill=\"#FF8200\"\/>\n    <path d=\"M118.926 181.921C177.689 179.309 208.983 59.552 207.976 0L50 89.5613C54.6957 121.436 60.1628 184.534 118.926 181.921Z\" fill=\"#FF8200\"\/>\n<\/svg>\n                        <div class=\"growtype-post-image\" style=\"background: url('https:\/\/actionbyapollo.lt\/klaipeda\/app\/uploads\/2022\/11\/image-30.jpg');background-size: cover;background-position: center;\"><\/div>\n                    <\/div>\n                <\/div>\n                        <div class=\"growtype-post-content\">\n                <div class=\"b-content\">\n\n                    \n                                            <div class=\"table-header\">\n                            1 valanda\n                        <\/div>\n                    \n                    \n                                                                        \n                            <table class=\"table\" style=\"\" data-cat=\"\">\n                                <thead>\n                                <tr>\n                                                                            <th scope=\"col\">SAVAIT\u0116S DIENA<\/th>\n                                                                            <th scope=\"col\">Iki 16 val.<\/th>\n                                                                            <th scope=\"col\">Nuo 16 val.<\/th>\n                                                                            <th scope=\"col\">Darbo laikas<\/th>\n                                                                    <\/tr>\n                                <\/thead>\n                                <tbody>\n                                                                    <tr>\n                                                                                    <th scope=\"row\">Sekmadienis-Ketvirtadienis<\/th>\n                                                                                    <th scope=\"row\">10 Eur<\/th>\n                                                                                    <th scope=\"row\">10 Eur<\/th>\n                                                                                    <th scope=\"row\">Nuo 10:00 iki 22:00<\/th>\n                                                                            <\/tr>\n                                                                    <tr>\n                                                                                    <th scope=\"row\">Penktadienis-\u0160e\u0161tadienis<\/th>\n                                                                                    <th scope=\"row\">10 Eur<\/th>\n                                                                                    <th scope=\"row\">10 Eur<\/th>\n                                                                                    <th scope=\"row\">Nuo 10:00 iki 22:00<\/th>\n                                                                            <\/tr>\n                                                                <\/tbody>\n                            <\/table>\n                                            \n                    \n                <\/div>\n            <\/div>\n        <\/div>\n\n        <div class=\"growtype-post-footer\">\n            <div class=\"d-grid gap-2 d-flex pt-3\">\n                            <a href=\"https:\/\/actionbyapollo.lt\/klaipeda\/activity\/biliardas\/\" target=\"_blank\" class=\"btn btn-primary\">\n                PLA\u010cIAU            <\/a>\n                        <a href=\"https:\/\/actionbyapollo.lt\/klaipeda\/pramogos\/\" target=\"_blank\" class=\"btn btn-secondary\">\n                VISOS PRAMOGOS            <\/a>\n                        <\/div>\n        <\/div>\n    <\/div>\n\n    \n    <\/div>\n            <\/div>\n                    <div class=\"pagination\">\n                            <\/div>\n                    <\/div>\n    <\/div>\n\n    \n<\/body><\/html>","protected":false},"excerpt":{"rendered":"","protected":false},"author":1,"featured_media":0,"parent":0,"menu_order":7,"comment_status":"closed","ping_status":"closed","template":"views\/template-nopadding.blade.php","meta":[],"yoast_head":"<!-- This site is optimized with the Yoast SEO plugin v19.14 - https:\/\/yoast.com\/wordpress\/plugins\/seo\/ -->\n<title>Kainora\u0161tis - ACTION! by APOLLO<\/title>\n<meta name=\"robots\" content=\"index, follow, max-snippet:-1, max-image-preview:large, max-video-preview:-1\" \/>\n<link rel=\"canonical\" href=\"https:\/\/actionbyapollo.lt\/klaipeda\/kainorastis\/\" \/>\n<meta property=\"og:locale\" content=\"lt_LT\" \/>\n<meta property=\"og:type\" content=\"article\" \/>\n<meta property=\"og:title\" content=\"Kainora\u0161tis - ACTION! by APOLLO\" \/>\n<meta property=\"og:url\" content=\"https:\/\/actionbyapollo.lt\/klaipeda\/kainorastis\/\" \/>\n<meta property=\"og:site_name\" content=\"ACTION! by APOLLO\" \/>\n<meta property=\"article:modified_time\" content=\"2026-03-30T13:10:41+00:00\" \/>\n<meta name=\"twitter:card\" content=\"summary_large_image\" \/>\n<meta name=\"twitter:label1\" content=\"Est. reading time\" \/>\n\t<meta name=\"twitter:data1\" content=\"1 minut\u0117\" \/>\n<script type=\"application\/ld+json\" class=\"yoast-schema-graph\">{\"@context\":\"https:\/\/schema.org\",\"@graph\":[{\"@type\":\"WebPage\",\"@id\":\"https:\/\/actionbyapollo.lt\/klaipeda\/kainorastis\/\",\"url\":\"https:\/\/actionbyapollo.lt\/klaipeda\/kainorastis\/\",\"name\":\"Kainora\u0161tis - ACTION! by APOLLO\",\"isPartOf\":{\"@id\":\"https:\/\/dev8.evomedia.lt\/apollo.lt\/klaipeda\/#website\"},\"datePublished\":\"2022-10-07T07:40:37+00:00\",\"dateModified\":\"2026-03-30T13:10:41+00:00\",\"breadcrumb\":{\"@id\":\"https:\/\/actionbyapollo.lt\/klaipeda\/kainorastis\/#breadcrumb\"},\"inLanguage\":\"lt-LT\",\"potentialAction\":[{\"@type\":\"ReadAction\",\"target\":[[\"https:\/\/actionbyapollo.lt\/klaipeda\/kainorastis\/\"]]}]},{\"@type\":\"BreadcrumbList\",\"@id\":\"https:\/\/actionbyapollo.lt\/klaipeda\/kainorastis\/#breadcrumb\",\"itemListElement\":[{\"@type\":\"ListItem\",\"position\":1,\"name\":\"Home\",\"item\":\"https:\/\/actionbyapollo.lt\/klaipeda\/\"},{\"@type\":\"ListItem\",\"position\":2,\"name\":\"Kainora\u0161tis\"}]},{\"@type\":\"WebSite\",\"@id\":\"https:\/\/dev8.evomedia.lt\/apollo.lt\/klaipeda\/#website\",\"url\":\"https:\/\/dev8.evomedia.lt\/apollo.lt\/klaipeda\/\",\"name\":\"ACTION! by APOLLO\",\"description\":\"\",\"potentialAction\":[{\"@type\":\"SearchAction\",\"target\":{\"@type\":\"EntryPoint\",\"urlTemplate\":\"https:\/\/dev8.evomedia.lt\/apollo.lt\/klaipeda\/?s={search_term_string}\"},\"query-input\":\"required name=search_term_string\"}],\"inLanguage\":\"lt-LT\"}]}<\/script>\n<!-- \/ Yoast SEO plugin. -->","yoast_head_json":{"title":"Kainora\u0161tis - ACTION! by APOLLO","robots":{"index":"index","follow":"follow","max-snippet":"max-snippet:-1","max-image-preview":"max-image-preview:large","max-video-preview":"max-video-preview:-1"},"canonical":"https:\/\/actionbyapollo.lt\/klaipeda\/kainorastis\/","og_locale":"lt_LT","og_type":"article","og_title":"Kainora\u0161tis - ACTION! by APOLLO","og_url":"https:\/\/actionbyapollo.lt\/klaipeda\/kainorastis\/","og_site_name":"ACTION! by APOLLO","article_modified_time":"2026-03-30T13:10:41+00:00","twitter_card":"summary_large_image","twitter_misc":{"Est. reading time":"1 minut\u0117"},"schema":{"@context":"https:\/\/schema.org","@graph":[{"@type":"WebPage","@id":"https:\/\/actionbyapollo.lt\/klaipeda\/kainorastis\/","url":"https:\/\/actionbyapollo.lt\/klaipeda\/kainorastis\/","name":"Kainora\u0161tis - ACTION! by APOLLO","isPartOf":{"@id":"https:\/\/dev8.evomedia.lt\/apollo.lt\/klaipeda\/#website"},"datePublished":"2022-10-07T07:40:37+00:00","dateModified":"2026-03-30T13:10:41+00:00","breadcrumb":{"@id":"https:\/\/actionbyapollo.lt\/klaipeda\/kainorastis\/#breadcrumb"},"inLanguage":"lt-LT","potentialAction":[{"@type":"ReadAction","target":[["https:\/\/actionbyapollo.lt\/klaipeda\/kainorastis\/"]]}]},{"@type":"BreadcrumbList","@id":"https:\/\/actionbyapollo.lt\/klaipeda\/kainorastis\/#breadcrumb","itemListElement":[{"@type":"ListItem","position":1,"name":"Home","item":"https:\/\/actionbyapollo.lt\/klaipeda\/"},{"@type":"ListItem","position":2,"name":"Kainora\u0161tis"}]},{"@type":"WebSite","@id":"https:\/\/dev8.evomedia.lt\/apollo.lt\/klaipeda\/#website","url":"https:\/\/dev8.evomedia.lt\/apollo.lt\/klaipeda\/","name":"ACTION! by APOLLO","description":"","potentialAction":[{"@type":"SearchAction","target":{"@type":"EntryPoint","urlTemplate":"https:\/\/dev8.evomedia.lt\/apollo.lt\/klaipeda\/?s={search_term_string}"},"query-input":"required name=search_term_string"}],"inLanguage":"lt-LT"}]}},"_links":{"self":[{"href":"https:\/\/actionbyapollo.lt\/klaipeda\/wp-json\/wp\/v2\/pages\/1223"}],"collection":[{"href":"https:\/\/actionbyapollo.lt\/klaipeda\/wp-json\/wp\/v2\/pages"}],"about":[{"href":"https:\/\/actionbyapollo.lt\/klaipeda\/wp-json\/wp\/v2\/types\/page"}],"author":[{"embeddable":true,"href":"https:\/\/actionbyapollo.lt\/klaipeda\/wp-json\/wp\/v2\/users\/1"}],"replies":[{"embeddable":true,"href":"https:\/\/actionbyapollo.lt\/klaipeda\/wp-json\/wp\/v2\/comments?post=1223"}],"version-history":[{"count":28,"href":"https:\/\/actionbyapollo.lt\/klaipeda\/wp-json\/wp\/v2\/pages\/1223\/revisions"}],"predecessor-version":[{"id":4423,"href":"https:\/\/actionbyapollo.lt\/klaipeda\/wp-json\/wp\/v2\/pages\/1223\/revisions\/4423"}],"wp:attachment":[{"href":"https:\/\/actionbyapollo.lt\/klaipeda\/wp-json\/wp\/v2\/media?parent=1223"}],"curies":[{"name":"wp","href":"https:\/\/api.w.org\/{rel}","templated":true}]}}